{"id":4605,"date":"2023-09-07T12:21:29","date_gmt":"2023-09-07T12:21:29","guid":{"rendered":"https:\/\/lesmoires.eu\/?post_type=product&#038;p=4605"},"modified":"2024-07-15T13:11:35","modified_gmt":"2024-07-15T13:11:35","slug":"bluza-stanczyk","status":"publish","type":"product","link":"https:\/\/lesmoires.eu\/index.php\/produkt\/bluza-stanczyk\/","title":{"rendered":"Cyberpunk Sta\u0144czyk Hoodie"},"content":{"rendered":"<p>Klasyczny kr\u00f3j hoodie w kolorze intensywnej czerni z <strong>innowacyjnym chipem NFC oraz pi\u0119knym haftem<\/strong>. Umieszczony w lewym r\u0119kawie chip NFC pozwala na dost\u0119p do personalnej strony egzemplarza, gdzie znajdziesz:<\/p>\n<ul>\n<li>numer seryjny bluzy wraz z liczb\u0105 wyprodukowanych sztuk<\/li>\n<li>opis projektu<\/li>\n<li>grafiki koncepcyjne jakie towarzyszy\u0142y podczas etapu projektowania<\/li>\n<\/ul>\n<p>Na przodzie bluzy znajduje si\u0119 wyhaftowana, cyberpunkowa wersja Sta\u0144czyka, inspirowana obrazem mistrza Matejki.<\/p>\n<p>S\u0142ynny obraz mistrza Matejki nosi nazw\u0119 \u201eSta\u0144czyk w czasie balu na dworze kr\u00f3lowej Bony wobec straconego Smole\u0144ska\u201d i odnosi si\u0119 do utraty twierdzy pod Smole\u0144skiem w 1514 roku. Za\u0142amany nadworny b\u0142azen siedzi w fotelu po przeczytaniu wiadomo\u015bci o zaj\u0119ciu twierdzy przez wojska moskiewskie, podczas gdy w tle trwa zabawa arystokracji. Sta\u0144czyk, \u015bwiadomy konsekwencji utraty wa\u017cnej twierdzy, pogr\u0105\u017ca si\u0119 w swoich przemy\u015bleniach.<\/p>\n<p>Sam Sta\u0144czyk by\u0142 bardzo barwn\u0105 postaci\u0105. Tak pisa\u0142 o nim w 1533 roku Marcin Bielski w Kronice Polskiej:<\/p>\n<blockquote><p>[..] Za powrotem do zamku, kr\u00f3l \u015bmia\u0142 si\u0119 z niego, \u017ce si\u0119 da\u0142 obedrze\u0107 ulicznikom. \u2013 Ciebie, kr\u00f3lu, \u2013 odpowiedzia\u0142 \u2013 gorzej dr\u0105; wydarto ci Smole\u0144sk, a milczysz<\/p><\/blockquote>\n<p>Wersja Sta\u0144czyka zaprojektowana przez nas ma sk\u0142oni\u0107 natomiast do refleksji na temat problem\u00f3w z jakimi zmierzymy si\u0119 jako ludzko\u015b\u0107 podczas nieust\u0119pliwej rewolucji opartej na Sztucznej Inteligencji. Technologia ta niew\u0105tpliwie posiada swoje \u015bwietne zalety, natomiast ka\u017cdy z nas powinien wej\u015b\u0107 w rol\u0119 Sta\u0144czyka i odpowiedzie\u0107 sobie na pytanie: \u201eDok\u0105d zaprowadzi nas ta droga?\u201d<\/p>\n","protected":false},"excerpt":{"rendered":"<p>Klasyczny kr\u00f3j hoodie w kolorze intensywnej czerni z <strong>innowacyjnym chipem NFC oraz pi\u0119knym haftem<\/strong>. Umieszczony w lewym r\u0119kawie chip NFC pozwala na dost\u0119p do personalnej strony egzemplarza, gdzie znajdziesz:<\/p>\n<ul>\n<li>numer seryjny bluzy wraz z liczb\u0105 wyprodukowanych sztuk<\/li>\n<li>opis projektu<\/li>\n<li>grafiki koncepcyjne jakie towarzyszy\u0142y podczas etapu projektowania<\/li>\n<\/ul>\n<p>Na przodzie bluzy znajduje si\u0119 wyhaftowana, cyberpunkowa wersja Sta\u0144czyka, inspirowana obrazem mistrza Matejki.<\/p>\n<ul>\n<li>Bawe\u0142na 90%, Poliester 10%<\/li>\n<li>340 g\/m2, idealne na ch\u0142odniejsze dni<\/li>\n<li>Szyte w Polsce z najwy\u017cszej jako\u015bci materia\u0142\u00f3w<\/li>\n<\/ul>\n","protected":false},"featured_media":4781,"template":"","meta":{"jetpack_post_was_ever_published":false},"product_brand":[],"product_cat":[15],"product_tag":[],"class_list":{"0":"post-4605","1":"product","2":"type-product","3":"status-publish","4":"has-post-thumbnail","6":"product_cat-bez-kategorii","7":"sales-flash-overlay","8":"woocommerce-text-align-center","9":"woocommerce-image-align-center","10":"do-quantity-buttons","11":"wc-has-gallery","13":"first","14":"outofstock","15":"sale","16":"featured","17":"taxable","18":"shipping-taxable","19":"purchasable","20":"product-type-variable","21":"has-default-attributes"},"jetpack_sharing_enabled":true,"_links":{"self":[{"href":"https:\/\/lesmoires.eu\/index.php\/wp-json\/wp\/v2\/product\/4605","targetHints":{"allow":["GET"]}}],"collection":[{"href":"https:\/\/lesmoires.eu\/index.php\/wp-json\/wp\/v2\/product"}],"about":[{"href":"https:\/\/lesmoires.eu\/index.php\/wp-json\/wp\/v2\/types\/product"}],"wp:featuredmedia":[{"embeddable":true,"href":"https:\/\/lesmoires.eu\/index.php\/wp-json\/wp\/v2\/media\/4781"}],"wp:attachment":[{"href":"https:\/\/lesmoires.eu\/index.php\/wp-json\/wp\/v2\/media?parent=4605"}],"wp:term":[{"taxonomy":"product_brand","embeddable":true,"href":"https:\/\/lesmoires.eu\/index.php\/wp-json\/wp\/v2\/product_brand?post=4605"},{"taxonomy":"product_cat","embeddable":true,"href":"https:\/\/lesmoires.eu\/index.php\/wp-json\/wp\/v2\/product_cat?post=4605"},{"taxonomy":"product_tag","embeddable":true,"href":"https:\/\/lesmoires.eu\/index.php\/wp-json\/wp\/v2\/product_tag?post=4605"}],"curies":[{"name":"wp","href":"https:\/\/api.w.org\/{rel}","templated":true}]}}