{"id":3589,"date":"2021-01-30T19:30:13","date_gmt":"2021-01-30T19:30:13","guid":{"rendered":"https:\/\/gpsites.co\/shop\/?page_id=3589"},"modified":"2024-02-21T10:13:08","modified_gmt":"2024-02-21T10:13:08","slug":"contact","status":"publish","type":"page","link":"https:\/\/lesmoires.eu\/index.php\/contact\/","title":{"rendered":"Skontaktuj si\u0119 z nami"},"content":{"rendered":"<div class=\"gb-container gb-container-ab70145a\">\n<div class=\"gb-grid-wrapper gb-grid-wrapper-ce3599a5\">\n<div class=\"gb-grid-column gb-grid-column-9e89a7dc\"><div class=\"gb-container gb-container-9e89a7dc\"><div class=\"gb-inside-container\">\n\n<h2 class=\"gb-headline gb-headline-d2b3a680 gb-headline-text\">Jeste\u015bmy tu by Ci pom\u00f3c<\/h2>\n\n\n\n<p>Je\u015bli posiadasz jakiekolwiek pytania zwi\u0105zane z naszymi produktami i projektami, to jeste\u015bmy do Waszej dyspozycji!<\/p>\n\n\n\n<figure class=\"wp-block-image size-full\"><img loading=\"lazy\" decoding=\"async\" width=\"1000\" height=\"749\" src=\"https:\/\/lesmoires.eu\/wp-content\/uploads\/2023\/10\/para_lm-1.png\" alt=\"\" class=\"wp-image-4721\" srcset=\"https:\/\/lesmoires.eu\/wp-content\/uploads\/2023\/10\/para_lm-1.png 1000w, https:\/\/lesmoires.eu\/wp-content\/uploads\/2023\/10\/para_lm-1-300x225.png 300w, https:\/\/lesmoires.eu\/wp-content\/uploads\/2023\/10\/para_lm-1-768x575.png 768w, https:\/\/lesmoires.eu\/wp-content\/uploads\/2023\/10\/para_lm-1-600x449.png 600w\" sizes=\"auto, (max-width: 1000px) 100vw, 1000px\" \/><\/figure>\n\n<\/div><\/div><\/div>\n\n<div class=\"gb-grid-column gb-grid-column-16220b14\"><div class=\"gb-container gb-container-16220b14\"><div class=\"gb-inside-container\">\n\n<p class=\"gb-headline gb-headline-0fb9d4f1\"><span class=\"gb-icon\"><svg xmlns=\"http:\/\/www.w3.org\/2000\/svg\" viewBox=\"0 0 20 24\"><path d=\"M10 24c-.2 0-.4-.1-.6-.2C9.1 23.6 0 17.4 0 10 0 4.5 4.5 0 10 0s10 4.5 10 10c0 7.4-9.1 13.6-9.4 13.8-.2.1-.4.2-.6.2zm0-22c-4.4 0-8 3.6-8 8 0 5.4 6.1 10.4 8 11.8 1.9-1.4 8-6.4 8-11.8 0-4.4-3.6-8-8-8z\"><\/path><path d=\"M10 14c-2.2 0-4-1.8-4-4s1.8-4 4-4 4 1.8 4 4-1.8 4-4 4zm0-6c-1.1 0-2 .9-2 2s.9 2 2 2 2-.9 2-2-.9-2-2-2z\"><\/path><\/svg><\/span><span class=\"gb-headline-text\">Les Moires<br>Warszawa, Polska<\/span><\/p>\n\n\n\n<p class=\"gb-headline gb-headline-1a69ec77\"><span class=\"gb-icon\"><svg xmlns=\"http:\/\/www.w3.org\/2000\/svg\" viewBox=\"0 0 16 22\"><path d=\"M13 22H3c-1.7 0-3-1.3-3-3V3c0-1.7 1.3-3 3-3h10c1.7 0 3 1.3 3 3v16c0 1.7-1.3 3-3 3zM3 2c-.6 0-1 .4-1 1v16c0 .6.4 1 1 1h10c.6 0 1-.4 1-1V3c0-.6-.4-1-1-1H3z\"><\/path><path d=\"M8 18c-.6 0-1-.4-1-1s.4-1 1-1 1 .4 1 1-.4 1-1 1z\"><\/path><\/svg><\/span><span class=\"gb-headline-text\">contact@lesmoires.eu<\/span><\/p>\n\n<\/div><\/div><\/div>\n<\/div>\n<\/div>","protected":false},"excerpt":{"rendered":"","protected":false},"author":1,"featured_media":0,"parent":0,"menu_order":0,"comment_status":"closed","ping_status":"closed","template":"","meta":{"jetpack_post_was_ever_published":false,"footnotes":""},"class_list":["post-3589","page","type-page","status-publish"],"jetpack_sharing_enabled":true,"_links":{"self":[{"href":"https:\/\/lesmoires.eu\/index.php\/wp-json\/wp\/v2\/pages\/3589","targetHints":{"allow":["GET"]}}],"collection":[{"href":"https:\/\/lesmoires.eu\/index.php\/wp-json\/wp\/v2\/pages"}],"about":[{"href":"https:\/\/lesmoires.eu\/index.php\/wp-json\/wp\/v2\/types\/page"}],"author":[{"embeddable":true,"href":"https:\/\/lesmoires.eu\/index.php\/wp-json\/wp\/v2\/users\/1"}],"replies":[{"embeddable":true,"href":"https:\/\/lesmoires.eu\/index.php\/wp-json\/wp\/v2\/comments?post=3589"}],"version-history":[{"count":13,"href":"https:\/\/lesmoires.eu\/index.php\/wp-json\/wp\/v2\/pages\/3589\/revisions"}],"predecessor-version":[{"id":4830,"href":"https:\/\/lesmoires.eu\/index.php\/wp-json\/wp\/v2\/pages\/3589\/revisions\/4830"}],"wp:attachment":[{"href":"https:\/\/lesmoires.eu\/index.php\/wp-json\/wp\/v2\/media?parent=3589"}],"curies":[{"name":"wp","href":"https:\/\/api.w.org\/{rel}","templated":true}]}}