{"id":3575,"date":"2021-01-14T15:10:54","date_gmt":"2021-01-14T15:10:54","guid":{"rendered":"http:\/\/gpsites.co\/shop\/?page_id=3575"},"modified":"2024-02-21T09:24:07","modified_gmt":"2024-02-21T09:24:07","slug":"home","status":"publish","type":"page","link":"https:\/\/lesmoires.eu\/","title":{"rendered":"Home"},"content":{"rendered":"<div class=\"gb-container gb-container-d24537ad\">\n<div class=\"gb-container gb-container-6d9ee7ab\">\n<div class=\"gb-container gb-container-394c8ccd\">\n\n<h1 class=\"gb-headline gb-headline-c3b39d06 gb-headline-text\">Cyberpunk Sta\u0144czyk<\/h1>\n\n<\/div>\n\n\n<a class=\"gb-button gb-button-2f300a9e gb-button-text\" href=\"https:\/\/lesmoires.eu\/index.php\/produkt\/bluza-stanczyk\/\" target=\"_blank\" rel=\"noopener noreferrer\">Kup teraz<\/a>\n\n<\/div>\n<\/div>\n\n<div class=\"gb-container gb-container-170094c5\">\n<div class=\"gb-container gb-container-7e7e63a8\">\n\n<p class=\"gb-headline gb-headline-dd9d93ea\"><span class=\"gb-icon\"><svg aria-hidden=\"true\" role=\"img\" height=\"1em\" width=\"1em\" viewBox=\"0 0 512 512\" xmlns=\"http:\/\/www.w3.org\/2000\/svg\"><path fill=\"currentColor\" d=\"M256 8C119.033 8 8 119.033 8 256s111.033 248 248 248 248-111.033 248-248S392.967 8 256 8zm80 248c0 44.112-35.888 80-80 80s-80-35.888-80-80 35.888-80 80-80 80 35.888 80 80z\"><\/path><\/svg><\/span><span class=\"gb-headline-text\">chip NFC w bluzie potwierdzaj\u0105cy autentyczno\u015b\u0107<\/span><\/p>\n\n<\/div>\n\n<div class=\"gb-container gb-container-fd4913b5\">\n\n<p class=\"gb-headline gb-headline-b49c4921\"><span class=\"gb-icon\"><svg aria-hidden=\"true\" role=\"img\" height=\"1em\" width=\"1em\" viewBox=\"0 0 384 512\" xmlns=\"http:\/\/www.w3.org\/2000\/svg\"><path fill=\"currentColor\" d=\"M97.12 362.63c-8.69-8.69-4.16-6.24-25.12-11.85-9.51-2.55-17.87-7.45-25.43-13.32L1.2 448.7c-4.39 10.77 3.81 22.47 15.43 22.03l52.69-2.01L105.56 507c8 8.44 22.04 5.81 26.43-4.96l52.05-127.62c-10.84 6.04-22.87 9.58-35.31 9.58-19.5 0-37.82-7.59-51.61-21.37zM382.8 448.7l-45.37-111.24c-7.56 5.88-15.92 10.77-25.43 13.32-21.07 5.64-16.45 3.18-25.12 11.85-13.79 13.78-32.12 21.37-51.62 21.37-12.44 0-24.47-3.55-35.31-9.58L252 502.04c4.39 10.77 18.44 13.4 26.43 4.96l36.25-38.28 52.69 2.01c11.62.44 19.82-11.27 15.43-22.03zM263 340c15.28-15.55 17.03-14.21 38.79-20.14 13.89-3.79 24.75-14.84 28.47-28.98 7.48-28.4 5.54-24.97 25.95-45.75 10.17-10.35 14.14-25.44 10.42-39.58-7.47-28.38-7.48-24.42 0-52.83 3.72-14.14-.25-29.23-10.42-39.58-20.41-20.78-18.47-17.36-25.95-45.75-3.72-14.14-14.58-25.19-28.47-28.98-27.88-7.61-24.52-5.62-44.95-26.41-10.17-10.35-25-14.4-38.89-10.61-27.87 7.6-23.98 7.61-51.9 0-13.89-3.79-28.72.25-38.89 10.61-20.41 20.78-17.05 18.8-44.94 26.41-13.89 3.79-24.75 14.84-28.47 28.98-7.47 28.39-5.54 24.97-25.95 45.75-10.17 10.35-14.15 25.44-10.42 39.58 7.47 28.36 7.48 24.4 0 52.82-3.72 14.14.25 29.23 10.42 39.59 20.41 20.78 18.47 17.35 25.95 45.75 3.72 14.14 14.58 25.19 28.47 28.98C104.6 325.96 106.27 325 121 340c13.23 13.47 33.84 15.88 49.74 5.82a39.676 39.676 0 0 1 42.53 0c15.89 10.06 36.5 7.65 49.73-5.82zM97.66 175.96c0-53.03 42.24-96.02 94.34-96.02s94.34 42.99 94.34 96.02-42.24 96.02-94.34 96.02-94.34-42.99-94.34-96.02z\"><\/path><\/svg><\/span><span class=\"gb-headline-text\">grafika wykonana haftem komputerowym<\/span><\/p>\n\n<\/div>\n\n<div class=\"gb-container gb-container-2dab9be8\">\n\n<p class=\"gb-headline gb-headline-fa75ca47\"><span class=\"gb-icon\"><svg viewBox=\"0 0 100 100.203\" xmlns=\"http:\/\/www.w3.org\/2000\/svg\"><path d=\"M96.157 74.348a13.045 13.045 0 00-9.292-3.859h-25.37a9.029 9.029 0 00-2.652-6.262 9.033 9.033 0 00-6.428-2.666l-31.172-.014c-7.923.014-12.369 5.728-15.927 11.102 0 0-4.517 6.848-4.732 7.198-.302.491-1.221 1.987.139 3.07.328.261.756.42 1.206.42.498 0 1.022-.195 1.464-.66.22-.232 5.131-7.905 5.131-7.905 3.272-4.943 6.706-9.379 12.711-9.379h.006l31.172.014a5.214 5.214 0 013.709 1.538 5.216 5.216 0 011.535 3.71 5.214 5.214 0 01-1.538 3.709 5.213 5.213 0 01-3.708 1.535h-.003l-20.224-.007a1.923 1.923 0 100 3.846l20.224.007h.005a9.034 9.034 0 006.426-2.66 9.09 9.09 0 001.884-2.75h26.144a9.223 9.223 0 016.57 2.73 9.24 9.24 0 012.579 4.951L31.11 91.963c-.791.079-6.895.829-9.758 5.275a1.923 1.923 0 003.235 2.083c1.967-3.054 6.878-3.527 6.922-3.531.044-.003.087-.009.13-.016l66.73-10.228a1.924 1.924 0 001.632-1.9 13.075 13.075 0 00-3.844-9.298zM95.874 0H82.987C68.919 0 57.474 11.445 57.474 25.513v11.995c-1.446 1.312-4.524 4.609-6.39 10.23-1.117-2.127-2.383-3.536-3.18-4.296V35.38c0-10.078-8.199-18.277-18.277-18.277h-8.933a1.923 1.923 0 00-1.923 1.923v8.934c0 10.078 8.199 18.277 18.276 18.277h8.224c1.16 1.097 4.281 4.678 4.279 11.44a1.923 1.923 0 103.846.001s-.556-10.73 6.692-17.354h12.195c14.068 0 25.513-11.445 25.513-25.513V1.923A1.922 1.922 0 0095.874 0zM22.618 27.96v-7.01h7.01c7.957 0 14.43 6.473 14.43 14.43v4.291l-8.309-8.309a1.924 1.924 0 00-2.72 2.719l8.309 8.309h-4.291c-7.956 0-14.429-6.473-14.429-14.43zm71.333-13.15c0 11.947-9.72 21.666-21.667 21.666H64.04l13.438-13.439a1.922 1.922 0 10-2.72-2.719L61.321 33.757v-8.244c0-11.947 9.72-21.666 21.667-21.666h10.964V14.81z\"><\/path><\/svg><\/span><span class=\"gb-headline-text\">Szyte w Polsce z najlepszych jako\u015bciowo materia\u0142\u00f3w<\/span><\/p>\n\n<\/div>\n<\/div>\n\n<div class=\"gb-container gb-container-0ca7772b\">\n<div class=\"gb-container gb-container-aac27c16\">\n<div class=\"gb-container gb-container-1adeee87\">\n\n<figure class=\"wp-block-gallery has-nested-images columns-default is-cropped wp-block-gallery-1 is-layout-flex wp-block-gallery-is-layout-flex\">\n<figure class=\"wp-block-image size-large\"><img loading=\"lazy\" decoding=\"async\" width=\"1024\" height=\"576\" data-id=\"4816\" src=\"https:\/\/lesmoires.eu\/wp-content\/uploads\/2024\/02\/baner_nfc_lesmoires-1024x576.webp\" alt=\"\" class=\"wp-image-4816\" srcset=\"https:\/\/lesmoires.eu\/wp-content\/uploads\/2024\/02\/baner_nfc_lesmoires-1024x576.webp 1024w, https:\/\/lesmoires.eu\/wp-content\/uploads\/2024\/02\/baner_nfc_lesmoires-300x169.webp 300w, https:\/\/lesmoires.eu\/wp-content\/uploads\/2024\/02\/baner_nfc_lesmoires-768x432.webp 768w, https:\/\/lesmoires.eu\/wp-content\/uploads\/2024\/02\/baner_nfc_lesmoires-1536x864.webp 1536w, https:\/\/lesmoires.eu\/wp-content\/uploads\/2024\/02\/baner_nfc_lesmoires-600x338.webp 600w, https:\/\/lesmoires.eu\/wp-content\/uploads\/2024\/02\/baner_nfc_lesmoires.webp 1920w\" sizes=\"auto, (max-width: 1024px) 100vw, 1024px\" \/><\/figure>\n<\/figure>\n\n\n\n<div style=\"height:30px\" aria-hidden=\"true\" class=\"wp-block-spacer\"><\/div>\n\n\n\n<figure class=\"wp-block-image size-full\"><img loading=\"lazy\" decoding=\"async\" width=\"1920\" height=\"1080\" src=\"https:\/\/lesmoires.eu\/wp-content\/uploads\/2024\/02\/baner2_lesmoires.webp\" alt=\"\" class=\"wp-image-4818\" srcset=\"https:\/\/lesmoires.eu\/wp-content\/uploads\/2024\/02\/baner2_lesmoires.webp 1920w, https:\/\/lesmoires.eu\/wp-content\/uploads\/2024\/02\/baner2_lesmoires-300x169.webp 300w, https:\/\/lesmoires.eu\/wp-content\/uploads\/2024\/02\/baner2_lesmoires-1024x576.webp 1024w, https:\/\/lesmoires.eu\/wp-content\/uploads\/2024\/02\/baner2_lesmoires-768x432.webp 768w, https:\/\/lesmoires.eu\/wp-content\/uploads\/2024\/02\/baner2_lesmoires-1536x864.webp 1536w, https:\/\/lesmoires.eu\/wp-content\/uploads\/2024\/02\/baner2_lesmoires-600x338.webp 600w\" sizes=\"auto, (max-width: 1920px) 100vw, 1920px\" \/><\/figure>\n\n<\/div>\n\n<div class=\"gb-container gb-container-40b22be2\">\n\n<h2 class=\"gb-headline gb-headline-22d8acd5 gb-headline-text\">Co daje chip NFC w bluzie?<\/h2>\n\n\n\n<p class=\"gb-headline gb-headline-0c9745a1 gb-headline-text\">Jeste\u015bmy pionierami wykorzystywania chip\u00f3w NFC jako dodatku premium w odzie\u017cy &#8222;streetwear&#8221;. Po przy\u0142o\u017ceniu urz\u0105dzenia obs\u0142uguj\u0105cego NFC w okolice naramiennika, chip dzi\u0119ki technologii NFC pozwala na dost\u0119p do personalizowanej strony posiadanego egzemplarza. Dzi\u0119ki temu w\u0142a\u015bciciele naszych ubra\u0144 maj\u0105 \u0142atwy dost\u0119p do numeru seryjnego, historii bluzy oraz grafik koncepcyjnych, kt\u00f3re powsta\u0142y podczas projektowania.<\/p>\n\n\n\n<p><\/p>\n\n\n\n<hr class=\"wp-block-separator has-alpha-channel-opacity\"\/>\n\n\n\n<div style=\"height:57px\" aria-hidden=\"true\" class=\"wp-block-spacer\"><\/div>\n\n\n\n<h2 class=\"gb-headline gb-headline-79b1f9ec gb-headline-text\">Haft komputerowy<\/h2>\n\n\n\n<p class=\"gb-headline gb-headline-a8ee96cc gb-headline-text\">Haft komputerowy jest najtrwalsz\u0105 i najbardziej presti\u017cow\u0105 metod\u0105 znakowania odzie\u017cy. W odr\u00f3\u017cnieniu do powszechnie u\u017cywanych technik nadruku grafiki na odzie\u017cy, nasze hafty s\u0105 \u015bwietne jako\u015bciowo. Dzi\u0119ki temu nasze produkty mog\u0105 s\u0142u\u017cy\u0107 przez d\u0142ugie lata.<\/p>\n\n<\/div>\n<\/div>\n<\/div>\n\n<div class=\"gb-container gb-container-ee645fec\">\n<div class=\"gb-container gb-container-e38dc08f\">\n\n<div class=\"gb-grid-wrapper gb-grid-wrapper-9e022e42 gb-query-loop-wrapper\">\n<div class=\"gb-grid-column gb-grid-column-86a9a51b gb-query-loop-item post-1 post type-post status-publish format-standard hentry category-uncategorized\"><div class=\"gb-container gb-container-86a9a51b\"><\/div><\/div>\n\n<div class=\"gb-grid-column gb-grid-column-86a9a51b gb-query-loop-item post-4168 post type-post status-publish format-standard hentry category-diy-soap\"><div class=\"gb-container gb-container-86a9a51b\"><\/div><\/div>\n\n<div class=\"gb-grid-column gb-grid-column-86a9a51b gb-query-loop-item post-4164 post type-post status-publish format-standard hentry category-soap-tips\"><div class=\"gb-container gb-container-86a9a51b\"><\/div><\/div>\n\n<div class=\"gb-grid-column gb-grid-column-86a9a51b gb-query-loop-item post-3957 post type-post status-publish format-standard hentry category-new-soaps\"><div class=\"gb-container gb-container-86a9a51b\"><\/div><\/div>\n<\/div>\n\n<\/div>\n<\/div>","protected":false},"excerpt":{"rendered":"<p>Cyberpunk Sta\u0144czyk chip NFC w bluzie potwierdzaj\u0105cy autentyczno\u015b\u0107 grafika wykonana haftem komputerowym Szyte w Polsce z najlepszych jako\u015bciowo materia\u0142\u00f3w Co daje chip NFC w bluzie? Jeste\u015bmy pionierami wykorzystywania chip\u00f3w NFC jako dodatku premium w odzie\u017cy &#8222;streetwear&#8221;. Po przy\u0142o\u017ceniu urz\u0105dzenia obs\u0142uguj\u0105cego NFC w okolice naramiennika, chip dzi\u0119ki technologii NFC pozwala na dost\u0119p do personalizowanej strony posiadanego &#8230; <a title=\"Home\" class=\"read-more\" href=\"https:\/\/lesmoires.eu\/\" aria-label=\"Dowiedz si\u0119 wi\u0119cej o Home\">Dowiedz si\u0119 wi\u0119cej<\/a><\/p>\n","protected":false},"author":1,"featured_media":0,"parent":0,"menu_order":0,"comment_status":"closed","ping_status":"closed","template":"","meta":{"jetpack_post_was_ever_published":false,"footnotes":""},"class_list":["post-3575","page","type-page","status-publish"],"jetpack_sharing_enabled":true,"_links":{"self":[{"href":"https:\/\/lesmoires.eu\/index.php\/wp-json\/wp\/v2\/pages\/3575","targetHints":{"allow":["GET"]}}],"collection":[{"href":"https:\/\/lesmoires.eu\/index.php\/wp-json\/wp\/v2\/pages"}],"about":[{"href":"https:\/\/lesmoires.eu\/index.php\/wp-json\/wp\/v2\/types\/page"}],"author":[{"embeddable":true,"href":"https:\/\/lesmoires.eu\/index.php\/wp-json\/wp\/v2\/users\/1"}],"replies":[{"embeddable":true,"href":"https:\/\/lesmoires.eu\/index.php\/wp-json\/wp\/v2\/comments?post=3575"}],"version-history":[{"count":83,"href":"https:\/\/lesmoires.eu\/index.php\/wp-json\/wp\/v2\/pages\/3575\/revisions"}],"predecessor-version":[{"id":4829,"href":"https:\/\/lesmoires.eu\/index.php\/wp-json\/wp\/v2\/pages\/3575\/revisions\/4829"}],"wp:attachment":[{"href":"https:\/\/lesmoires.eu\/index.php\/wp-json\/wp\/v2\/media?parent=3575"}],"curies":[{"name":"wp","href":"https:\/\/api.w.org\/{rel}","templated":true}]}}